{"id":57,"date":"2020-12-17T21:39:51","date_gmt":"2020-12-17T19:39:51","guid":{"rendered":"http:\/\/localhost\/vsha\/?page_id=57"},"modified":"2025-09-10T21:55:38","modified_gmt":"2025-09-10T18:55:38","slug":"pradzia","status":"publish","type":"page","link":"https:\/\/vsharas.lt\/","title":{"rendered":"Prad\u017eia"},"content":{"rendered":"<p>Esu pensininkas, bet su mielu noru padirb\u0117\u010diau nepilnu etatu kokioje nors i\u0161 \u0161ioje svetain\u0117je i\u0161vardyt\u0173 darbo sri\u010di\u0173 ar dar kur nors.<br \/><h2 class=\"post-to-page-title\"><a href=\"https:\/\/vsharas.lt\/?p=77\">Darbo pob\u016bdis<\/a><\/h2>\n<span class=\"post-to-page-date\">2011-03-13 18:30:38<\/span>\n<span class=\"post-to-page-author\">admin<\/span>\nKategorijoje: <span class=\"post-to-page-categories\"><a href=\"https:\/\/vsharas.lt\/?cat=38\">Darbo pob\u016bdis<\/a><\/span><span class=\"post-to-page-image\"><a href=\"https:\/\/vsharas.lt\/?p=77\"><\/a><\/span>\n<span class=\"post-to-page-readmore\"><a href=\"https:\/\/vsharas.lt\/?p=77\">Skaityti...<\/a><\/span>\n<span class=\"post-to-page-comment-count\">0 komentar&#371;<\/span>\n<hr class=\"post-to-page-separator\" \/>\n<h2 class=\"post-to-page-title\"><a href=\"https:\/\/vsharas.lt\/?p=78\">Working experience<\/a><\/h2>\n<span class=\"post-to-page-date\">2010-04-29 14:17:04<\/span>\n<span class=\"post-to-page-author\">admin<\/span>\nKategorijoje: <span class=\"post-to-page-categories\"><a href=\"https:\/\/vsharas.lt\/?cat=38\">Darbo pob\u016bdis<\/a><\/span><span class=\"post-to-page-image\"><a href=\"https:\/\/vsharas.lt\/?p=78\"><\/a><\/span>\n<span class=\"post-to-page-readmore\"><a href=\"https:\/\/vsharas.lt\/?p=78\">Skaityti...<\/a><\/span>\n<span class=\"post-to-page-comment-count\">0 komentar&#371;<\/span>\n<hr class=\"post-to-page-separator\" \/>\n<h2 class=\"post-to-page-title\"><a href=\"https:\/\/vsharas.lt\/?p=79\">\u0420\u0430\u0431\u043e\u0447\u0438\u0439 \u043e\u043f\u044b\u0442 <\/a><\/h2>\n<span class=\"post-to-page-date\">2009-04-29 14:34:16<\/span>\n<span class=\"post-to-page-author\">admin<\/span>\nKategorijoje: <span class=\"post-to-page-categories\"><a href=\"https:\/\/vsharas.lt\/?cat=38\">Darbo pob\u016bdis<\/a><\/span><span class=\"post-to-page-image\"><a href=\"https:\/\/vsharas.lt\/?p=79\"><\/a><\/span>\n<span class=\"post-to-page-readmore\"><a href=\"https:\/\/vsharas.lt\/?p=79\">Skaityti...<\/a><\/span>\n<span class=\"post-to-page-comment-count\">0 komentar&#371;<\/span>\n<hr class=\"post-to-page-separator\" \/>\n<br \/>Keletas mano nuotrauk\u0173:<\/p>\n\n\t\t<style type=\"text\/css\">\n\t\t\t#gallery-1 {\n\t\t\t\tmargin: auto;\n\t\t\t}\n\t\t\t#gallery-1 .gallery-item {\n\t\t\t\tfloat: left;\n\t\t\t\tmargin-top: 10px;\n\t\t\t\ttext-align: center;\n\t\t\t\twidth: 16%;\n\t\t\t}\n\t\t\t#gallery-1 img {\n\t\t\t\tborder: 2px solid #cfcfcf;\n\t\t\t}\n\t\t\t#gallery-1 .gallery-caption {\n\t\t\t\tmargin-left: 0;\n\t\t\t}\n\t\t\t\/* see gallery_shortcode() in wp-includes\/media.php *\/\n\t\t<\/style>\n\t\t<div id='gallery-1' class='gallery galleryid-57 gallery-columns-6 gallery-size-thumbnail'><dl class='gallery-item'>\n\t\t\t<dt class='gallery-icon landscape'>\n\t\t\t\t<a href='https:\/\/vsharas.lt\/wp-content\/uploads\/2012\/09\/2014-03-15_12-26-381.jpg'><img loading=\"lazy\" decoding=\"async\" width=\"150\" height=\"150\" src=\"https:\/\/vsharas.lt\/wp-content\/uploads\/2012\/09\/2014-03-15_12-26-381-150x150.jpg\" class=\"attachment-thumbnail size-thumbnail\" alt=\"\" \/><\/a>\n\t\t\t<\/dt><\/dl><dl class='gallery-item'>\n\t\t\t<dt class='gallery-icon landscape'>\n\t\t\t\t<a href='https:\/\/vsharas.lt\/wp-content\/uploads\/2012\/09\/2014-03-15_12-30-521.jpg'><img loading=\"lazy\" decoding=\"async\" width=\"150\" height=\"150\" src=\"https:\/\/vsharas.lt\/wp-content\/uploads\/2012\/09\/2014-03-15_12-30-521-150x150.jpg\" class=\"attachment-thumbnail size-thumbnail\" alt=\"\" \/><\/a>\n\t\t\t<\/dt><\/dl><dl class='gallery-item'>\n\t\t\t<dt class='gallery-icon landscape'>\n\t\t\t\t<a href='https:\/\/vsharas.lt\/wp-content\/uploads\/2012\/09\/2014-03-15_13-01-541.jpg'><img loading=\"lazy\" decoding=\"async\" width=\"150\" height=\"150\" src=\"https:\/\/vsharas.lt\/wp-content\/uploads\/2012\/09\/2014-03-15_13-01-541-150x150.jpg\" class=\"attachment-thumbnail size-thumbnail\" alt=\"\" \/><\/a>\n\t\t\t<\/dt><\/dl><dl class='gallery-item'>\n\t\t\t<dt class='gallery-icon landscape'>\n\t\t\t\t<a href='https:\/\/vsharas.lt\/wp-content\/uploads\/2012\/09\/2014-03-15_16-49-421.jpg'><img loading=\"lazy\" decoding=\"async\" width=\"150\" height=\"150\" src=\"https:\/\/vsharas.lt\/wp-content\/uploads\/2012\/09\/2014-03-15_16-49-421-150x150.jpg\" class=\"attachment-thumbnail size-thumbnail\" alt=\"\" \/><\/a>\n\t\t\t<\/dt><\/dl><dl class='gallery-item'>\n\t\t\t<dt class='gallery-icon landscape'>\n\t\t\t\t<a href='https:\/\/vsharas.lt\/wp-content\/uploads\/2012\/09\/2014-03-15_16-50-321.jpg'><img loading=\"lazy\" decoding=\"async\" width=\"150\" height=\"150\" src=\"https:\/\/vsharas.lt\/wp-content\/uploads\/2012\/09\/2014-03-15_16-50-321-150x150.jpg\" class=\"attachment-thumbnail size-thumbnail\" alt=\"\" \/><\/a>\n\t\t\t<\/dt><\/dl><dl class='gallery-item'>\n\t\t\t<dt class='gallery-icon landscape'>\n\t\t\t\t<a href='https:\/\/vsharas.lt\/wp-content\/uploads\/2012\/09\/2014-03-15_16-51-121.jpg'><img loading=\"lazy\" decoding=\"async\" width=\"150\" height=\"150\" src=\"https:\/\/vsharas.lt\/wp-content\/uploads\/2012\/09\/2014-03-15_16-51-121-150x150.jpg\" class=\"attachment-thumbnail size-thumbnail\" alt=\"\" \/><\/a>\n\t\t\t<\/dt><\/dl><br style=\"clear: both\" \/><dl class='gallery-item'>\n\t\t\t<dt class='gallery-icon landscape'>\n\t\t\t\t<a href='https:\/\/vsharas.lt\/wp-content\/uploads\/2012\/09\/2014-06-24_21-48-562.jpg'><img loading=\"lazy\" decoding=\"async\" width=\"150\" height=\"150\" src=\"https:\/\/vsharas.lt\/wp-content\/uploads\/2012\/09\/2014-06-24_21-48-562-150x150.jpg\" class=\"attachment-thumbnail size-thumbnail\" alt=\"\" \/><\/a>\n\t\t\t<\/dt><\/dl><dl class='gallery-item'>\n\t\t\t<dt class='gallery-icon landscape'>\n\t\t\t\t<a href='https:\/\/vsharas.lt\/wp-content\/uploads\/2012\/09\/2014-06-26_17-16-581.jpg'><img loading=\"lazy\" decoding=\"async\" width=\"150\" height=\"150\" src=\"https:\/\/vsharas.lt\/wp-content\/uploads\/2012\/09\/2014-06-26_17-16-581-150x150.jpg\" class=\"attachment-thumbnail size-thumbnail\" alt=\"\" \/><\/a>\n\t\t\t<\/dt><\/dl><dl class='gallery-item'>\n\t\t\t<dt class='gallery-icon landscape'>\n\t\t\t\t<a href='https:\/\/vsharas.lt\/wp-content\/uploads\/2012\/09\/2014-06-27_22-16-291.jpg'><img loading=\"lazy\" decoding=\"async\" width=\"150\" height=\"150\" src=\"https:\/\/vsharas.lt\/wp-content\/uploads\/2012\/09\/2014-06-27_22-16-291-150x150.jpg\" class=\"attachment-thumbnail size-thumbnail\" alt=\"\" \/><\/a>\n\t\t\t<\/dt><\/dl><dl class='gallery-item'>\n\t\t\t<dt class='gallery-icon portrait'>\n\t\t\t\t<a href='https:\/\/vsharas.lt\/wp-content\/uploads\/2012\/09\/2014-06-27_22-51-301.jpg'><img loading=\"lazy\" decoding=\"async\" width=\"150\" height=\"150\" src=\"https:\/\/vsharas.lt\/wp-content\/uploads\/2012\/09\/2014-06-27_22-51-301-150x150.jpg\" class=\"attachment-thumbnail size-thumbnail\" alt=\"\" \/><\/a>\n\t\t\t<\/dt><\/dl><dl class='gallery-item'>\n\t\t\t<dt class='gallery-icon landscape'>\n\t\t\t\t<a href='https:\/\/vsharas.lt\/wp-content\/uploads\/2012\/09\/2014-06-27_23-04-261.jpg'><img loading=\"lazy\" decoding=\"async\" width=\"150\" height=\"150\" src=\"https:\/\/vsharas.lt\/wp-content\/uploads\/2012\/09\/2014-06-27_23-04-261-150x150.jpg\" class=\"attachment-thumbnail size-thumbnail\" alt=\"\" \/><\/a>\n\t\t\t<\/dt><\/dl><dl class='gallery-item'>\n\t\t\t<dt class='gallery-icon landscape'>\n\t\t\t\t<a href='https:\/\/vsharas.lt\/wp-content\/uploads\/2012\/09\/2014-06-27_23-15-121.jpg'><img loading=\"lazy\" decoding=\"async\" width=\"150\" height=\"150\" src=\"https:\/\/vsharas.lt\/wp-content\/uploads\/2012\/09\/2014-06-27_23-15-121-150x150.jpg\" class=\"attachment-thumbnail size-thumbnail\" alt=\"\" \/><\/a>\n\t\t\t<\/dt><\/dl><br style=\"clear: both\" \/><dl class='gallery-item'>\n\t\t\t<dt class='gallery-icon landscape'>\n\t\t\t\t<a href='https:\/\/vsharas.lt\/wp-content\/uploads\/2012\/09\/2014-10-28_13-05-46.jpg'><img loading=\"lazy\" decoding=\"async\" width=\"150\" height=\"150\" src=\"https:\/\/vsharas.lt\/wp-content\/uploads\/2012\/09\/2014-10-28_13-05-46-150x150.jpg\" class=\"attachment-thumbnail size-thumbnail\" alt=\"\" \/><\/a>\n\t\t\t<\/dt><\/dl><dl class='gallery-item'>\n\t\t\t<dt class='gallery-icon landscape'>\n\t\t\t\t<a href='https:\/\/vsharas.lt\/wp-content\/uploads\/2012\/09\/2014-10-28_13-07-44.jpg'><img loading=\"lazy\" decoding=\"async\" width=\"150\" height=\"150\" src=\"https:\/\/vsharas.lt\/wp-content\/uploads\/2012\/09\/2014-10-28_13-07-44-150x150.jpg\" class=\"attachment-thumbnail size-thumbnail\" alt=\"\" \/><\/a>\n\t\t\t<\/dt><\/dl><dl class='gallery-item'>\n\t\t\t<dt class='gallery-icon portrait'>\n\t\t\t\t<a href='https:\/\/vsharas.lt\/wp-content\/uploads\/2012\/09\/2014-10-28_13-09-15.jpg'><img loading=\"lazy\" decoding=\"async\" width=\"150\" height=\"150\" src=\"https:\/\/vsharas.lt\/wp-content\/uploads\/2012\/09\/2014-10-28_13-09-15-150x150.jpg\" class=\"attachment-thumbnail size-thumbnail\" alt=\"\" \/><\/a>\n\t\t\t<\/dt><\/dl><dl class='gallery-item'>\n\t\t\t<dt class='gallery-icon landscape'>\n\t\t\t\t<a href='https:\/\/vsharas.lt\/wp-content\/uploads\/2012\/09\/2014-10-28_13-14-32.jpg'><img loading=\"lazy\" decoding=\"async\" width=\"150\" height=\"150\" src=\"https:\/\/vsharas.lt\/wp-content\/uploads\/2012\/09\/2014-10-28_13-14-32-150x150.jpg\" class=\"attachment-thumbnail size-thumbnail\" alt=\"\" \/><\/a>\n\t\t\t<\/dt><\/dl><dl class='gallery-item'>\n\t\t\t<dt class='gallery-icon landscape'>\n\t\t\t\t<a href='https:\/\/vsharas.lt\/wp-content\/uploads\/2012\/09\/2014-10-28_13-14-53.jpg'><img loading=\"lazy\" decoding=\"async\" width=\"150\" height=\"150\" src=\"https:\/\/vsharas.lt\/wp-content\/uploads\/2012\/09\/2014-10-28_13-14-53-150x150.jpg\" class=\"attachment-thumbnail size-thumbnail\" alt=\"\" \/><\/a>\n\t\t\t<\/dt><\/dl><dl class='gallery-item'>\n\t\t\t<dt class='gallery-icon portrait'>\n\t\t\t\t<a href='https:\/\/vsharas.lt\/wp-content\/uploads\/2012\/09\/2014-10-28_13-15-51.jpg'><img loading=\"lazy\" decoding=\"async\" width=\"150\" height=\"150\" src=\"https:\/\/vsharas.lt\/wp-content\/uploads\/2012\/09\/2014-10-28_13-15-51-150x150.jpg\" class=\"attachment-thumbnail size-thumbnail\" alt=\"\" \/><\/a>\n\t\t\t<\/dt><\/dl><br style=\"clear: both\" \/><dl class='gallery-item'>\n\t\t\t<dt class='gallery-icon portrait'>\n\t\t\t\t<a href='https:\/\/vsharas.lt\/wp-content\/uploads\/2012\/09\/2015-05-23_11-57-28.jpg'><img loading=\"lazy\" decoding=\"async\" width=\"150\" height=\"150\" src=\"https:\/\/vsharas.lt\/wp-content\/uploads\/2012\/09\/2015-05-23_11-57-28-150x150.jpg\" class=\"attachment-thumbnail size-thumbnail\" alt=\"\" \/><\/a>\n\t\t\t<\/dt><\/dl><dl class='gallery-item'>\n\t\t\t<dt class='gallery-icon landscape'>\n\t\t\t\t<a href='https:\/\/vsharas.lt\/wp-content\/uploads\/2012\/09\/2015-05-23_12-36-54.jpg'><img loading=\"lazy\" decoding=\"async\" width=\"150\" height=\"150\" src=\"https:\/\/vsharas.lt\/wp-content\/uploads\/2012\/09\/2015-05-23_12-36-54-150x150.jpg\" class=\"attachment-thumbnail size-thumbnail\" alt=\"\" \/><\/a>\n\t\t\t<\/dt><\/dl><dl class='gallery-item'>\n\t\t\t<dt class='gallery-icon landscape'>\n\t\t\t\t<a href='https:\/\/vsharas.lt\/wp-content\/uploads\/2012\/09\/2015-05-30_17-22-02.jpg'><img loading=\"lazy\" decoding=\"async\" width=\"150\" height=\"150\" src=\"https:\/\/vsharas.lt\/wp-content\/uploads\/2012\/09\/2015-05-30_17-22-02-150x150.jpg\" class=\"attachment-thumbnail size-thumbnail\" alt=\"\" \/><\/a>\n\t\t\t<\/dt><\/dl><dl class='gallery-item'>\n\t\t\t<dt class='gallery-icon landscape'>\n\t\t\t\t<a href='https:\/\/vsharas.lt\/wp-content\/uploads\/2012\/09\/2015-05-30_17-25-30.jpg'><img loading=\"lazy\" decoding=\"async\" width=\"150\" height=\"150\" src=\"https:\/\/vsharas.lt\/wp-content\/uploads\/2012\/09\/2015-05-30_17-25-30-150x150.jpg\" class=\"attachment-thumbnail size-thumbnail\" alt=\"\" \/><\/a>\n\t\t\t<\/dt><\/dl><dl class='gallery-item'>\n\t\t\t<dt class='gallery-icon landscape'>\n\t\t\t\t<a href='https:\/\/vsharas.lt\/wp-content\/uploads\/2012\/09\/2015-05-30_16-02-22.jpg'><img loading=\"lazy\" decoding=\"async\" width=\"150\" height=\"150\" src=\"https:\/\/vsharas.lt\/wp-content\/uploads\/2012\/09\/2015-05-30_16-02-22-150x150.jpg\" class=\"attachment-thumbnail size-thumbnail\" alt=\"\" \/><\/a>\n\t\t\t<\/dt><\/dl><dl class='gallery-item'>\n\t\t\t<dt class='gallery-icon landscape'>\n\t\t\t\t<a href='https:\/\/vsharas.lt\/wp-content\/uploads\/2012\/09\/2015-05-30_10-58-04.jpg'><img loading=\"lazy\" decoding=\"async\" width=\"150\" height=\"150\" src=\"https:\/\/vsharas.lt\/wp-content\/uploads\/2012\/09\/2015-05-30_10-58-04-150x150.jpg\" class=\"attachment-thumbnail size-thumbnail\" alt=\"\" \/><\/a>\n\t\t\t<\/dt><\/dl><br style=\"clear: both\" \/><dl class='gallery-item'>\n\t\t\t<dt class='gallery-icon landscape'>\n\t\t\t\t<a href='https:\/\/vsharas.lt\/wp-content\/uploads\/2015\/12\/2015-12-25_17-40-14.jpg'><img loading=\"lazy\" decoding=\"async\" width=\"150\" height=\"150\" src=\"https:\/\/vsharas.lt\/wp-content\/uploads\/2015\/12\/2015-12-25_17-40-14-150x150.jpg\" class=\"attachment-thumbnail size-thumbnail\" alt=\"\" \/><\/a>\n\t\t\t<\/dt><\/dl><dl class='gallery-item'>\n\t\t\t<dt class='gallery-icon portrait'>\n\t\t\t\t<a href='https:\/\/vsharas.lt\/wp-content\/uploads\/2015\/12\/2015-12-25_17-41-48.jpg'><img loading=\"lazy\" decoding=\"async\" width=\"150\" height=\"150\" src=\"https:\/\/vsharas.lt\/wp-content\/uploads\/2015\/12\/2015-12-25_17-41-48-150x150.jpg\" class=\"attachment-thumbnail size-thumbnail\" alt=\"\" \/><\/a>\n\t\t\t<\/dt><\/dl><dl class='gallery-item'>\n\t\t\t<dt class='gallery-icon portrait'>\n\t\t\t\t<a href='https:\/\/vsharas.lt\/wp-content\/uploads\/2015\/12\/2015-12-25_17-55-38.jpg'><img loading=\"lazy\" decoding=\"async\" width=\"150\" height=\"150\" src=\"https:\/\/vsharas.lt\/wp-content\/uploads\/2015\/12\/2015-12-25_17-55-38-150x150.jpg\" class=\"attachment-thumbnail size-thumbnail\" alt=\"\" \/><\/a>\n\t\t\t<\/dt><\/dl><dl class='gallery-item'>\n\t\t\t<dt class='gallery-icon landscape'>\n\t\t\t\t<a href='https:\/\/vsharas.lt\/wp-content\/uploads\/2015\/12\/2015-12-25_18-04-16.jpg'><img loading=\"lazy\" decoding=\"async\" width=\"150\" height=\"150\" src=\"https:\/\/vsharas.lt\/wp-content\/uploads\/2015\/12\/2015-12-25_18-04-16-150x150.jpg\" class=\"attachment-thumbnail size-thumbnail\" alt=\"\" \/><\/a>\n\t\t\t<\/dt><\/dl><dl class='gallery-item'>\n\t\t\t<dt class='gallery-icon portrait'>\n\t\t\t\t<a href='https:\/\/vsharas.lt\/wp-content\/uploads\/2015\/12\/2015-12-25_18-20-24.jpg'><img loading=\"lazy\" decoding=\"async\" width=\"150\" height=\"150\" src=\"https:\/\/vsharas.lt\/wp-content\/uploads\/2015\/12\/2015-12-25_18-20-24-150x150.jpg\" class=\"attachment-thumbnail size-thumbnail\" alt=\"\" \/><\/a>\n\t\t\t<\/dt><\/dl><dl class='gallery-item'>\n\t\t\t<dt class='gallery-icon landscape'>\n\t\t\t\t<a href='https:\/\/vsharas.lt\/wp-content\/uploads\/2015\/12\/2016-01-22_12-44-22.jpg'><img loading=\"lazy\" decoding=\"async\" width=\"150\" height=\"150\" src=\"https:\/\/vsharas.lt\/wp-content\/uploads\/2015\/12\/2016-01-22_12-44-22-150x150.jpg\" class=\"attachment-thumbnail size-thumbnail\" alt=\"\" \/><\/a>\n\t\t\t<\/dt><\/dl><br style=\"clear: both\" \/>\n\t\t<\/div>\n\n<p><a href=\"https:\/\/vsharas.lt\/?cat=25\" target=\"_blank\" rel=\"noopener\">Slidin\u0117jimo &#8222;Snaigi\u0173&#8221; ir p\u0117s\u010di\u0173j\u0173 pa\u017eintini\u0173 rengini\u0173 trasos ir nuotraukos \u010dia&#8230;<\/a><\/p>\n<p><a href=\"https:\/\/vsharas.lt\/?cat=47\" target=\"_blank\" rel=\"noopener\">Jaun\u0173 dien\u0173 Kategorini\u0173 \u017eygi\u0173 nuotraukos \u010dia&#8230;<\/a><\/p>\n<p><a href=\"https:\/\/vsharas.lt\/?p=885\" target=\"_blank\" rel=\"noopener\">Rengini\u0173 ir kelioni\u0173 nuotraukos su slapta\u017eod\u017eiu&#8230;<\/a><\/p>\n\n\n<p><a href=\"https:\/\/transparencyreport.google.com\/safe-browsing\/search\">Svetaini\u0173 saugumo tikrinimas google<\/a><\/p>\n<!-- AddThis Advanced Settings generic via filter on the_content --><!-- AddThis Share Buttons generic via filter on the_content -->","protected":false},"excerpt":{"rendered":"<p>Esu pensininkas, bet su mielu noru padirb\u0117\u010diau nepilnu etatu kokioje nors i\u0161 \u0161ioje svetain\u0117je i\u0161vardyt\u0173 darbo sri\u010di\u0173 ar dar kur nors. Keletas mano nuotrauk\u0173: Slidin\u0117jimo &#8222;Snaigi\u0173&#8221; ir p\u0117s\u010di\u0173j\u0173 pa\u017eintini\u0173 rengini\u0173 trasos ir nuotraukos \u010dia&#8230; Jaun\u0173 dien\u0173 Kategorini\u0173 \u017eygi\u0173 nuotraukos \u010dia&#8230; &hellip; <a href=\"https:\/\/vsharas.lt\/\">Skaitykite toliau <span class=\"meta-nav\">&rarr;<\/span><\/a><!-- AddThis Advanced Settings generic via filter on get_the_excerpt --><!-- AddThis Share Buttons generic via filter on get_the_excerpt --><\/p>\n","protected":false},"author":1,"featured_media":0,"parent":0,"menu_order":0,"comment_status":"closed","ping_status":"closed","template":"","meta":{"footnotes":""},"_links":{"self":[{"href":"https:\/\/vsharas.lt\/index.php?rest_route=\/wp\/v2\/pages\/57"}],"collection":[{"href":"https:\/\/vsharas.lt\/index.php?rest_route=\/wp\/v2\/pages"}],"about":[{"href":"https:\/\/vsharas.lt\/index.php?rest_route=\/wp\/v2\/types\/page"}],"author":[{"embeddable":true,"href":"https:\/\/vsharas.lt\/index.php?rest_route=\/wp\/v2\/users\/1"}],"replies":[{"embeddable":true,"href":"https:\/\/vsharas.lt\/index.php?rest_route=%2Fwp%2Fv2%2Fcomments&post=57"}],"version-history":[{"count":12,"href":"https:\/\/vsharas.lt\/index.php?rest_route=\/wp\/v2\/pages\/57\/revisions"}],"predecessor-version":[{"id":1541,"href":"https:\/\/vsharas.lt\/index.php?rest_route=\/wp\/v2\/pages\/57\/revisions\/1541"}],"wp:attachment":[{"href":"https:\/\/vsharas.lt\/index.php?rest_route=%2Fwp%2Fv2%2Fmedia&parent=57"}],"curies":[{"name":"wp","href":"https:\/\/api.w.org\/{rel}","templated":true}]}}